{"id":6,"date":"2022-07-29T10:10:28","date_gmt":"2022-07-29T10:10:28","guid":{"rendered":"https:\/\/dolg.dk\/?page_id=6"},"modified":"2026-02-26T07:30:10","modified_gmt":"2026-02-26T07:30:10","slug":"forside","status":"publish","type":"page","link":"https:\/\/dolg.dk\/","title":{"rendered":"Forside"},"content":{"rendered":"\n<p>DOLG blev etableret af repr\u00e6sentanter fra de onkologiske afdelinger i 1997. Medlemmer af DOLG er l\u00e6ger, der arbejder med onkologisk behandling af lungecancer.<\/p>\n\n\n\n<p>DOLG deltager ogs\u00e5 i Dansk Lungecancer Gruppe (DLCG) som opstod i \u00e5r 2000 med deltagelse af DOLG, Dansk Lunge Cancer Register, arbejdsgrupper fra Lungemedicin, Thoraxkirurgi, Patologi samt andre specialer og samarbejdspartnere.<\/p>\n\n\n\n<p>Medlemmer af DOLG:<\/p>\n\n\n\n<figure class=\"wp-block-table is-style-stripes\"><table class=\"has-fixed-layout\"><tbody><tr><td><strong>AALBORG UNIVERSITETSHOSPITAL<\/strong><br>Anja Pagh<br>Louise K\u00e6rholm Sch\u00e6bel<br>Svetlana Kunwald<br>Tine Mcculloch<br>Weronika Maria Szejniuk<br><br><br><br><br><br><\/td><td><strong>N\u00c6STVED \/ ROSKILDE SYGEHUS<\/strong><br>Irina Lodina<br>Jana Moseler<br>Kristin Skougaard<br>Liv Ebbeskov Lauritsen<br>Malene St\u00f8chkel Frank<br>Marie Dehnfeld<br>Miroslaw Jan Stelmach<br>Morten Hiul Suppli<br>Rie Str\u00f8mvig Pedersen<br>Vladimira Horvat<\/td><\/tr><tr><td><strong>AARHUS UNIVERSITETSHOSPITAL<\/strong><br>Azza Ahmed Khalil<br>Elizaveta Mitkina Tobaksblat<br>Eva B. F. Ebert<br>Hj\u00f8rdis Hjalting Schmidt<br>Lise Saks\u00f8 Mortensen<br>Maiken Parm Ulh\u00f8i<br>Marianne Marquard Knap<br>Pernille Byrialsen Elming<br>Peter Meldgaard<br>Stine Fredslund<\/td><td><strong>ODENSE UNIVERSITETSHOSPITAL<\/strong><br>Agon Olloni<br>Birgitte Bj\u00f8rnhart<br>Lise Eckhoff<br>Lotte Holm Land<br>Mia Jelin<br>Simon Kreilgaard Buss<br>Tine Schytte<br>Trine Skak<br><br><br><\/td><\/tr><tr><td><strong>REGIONSHOSPITALET G\u00d8DSTRUP<\/strong><br>Hanne Linnet<br>Line Br\u00f8ndum<br>Maria Kandi<br>Trine Heide \u00d8llegaard<br><br><br><br><\/td><td><strong>RIGSHOSPITALET<\/strong><br>Cecilia Bech Horsted<br>Edyta Maria Urbanska<br>Lotte Nyg\u00e5rd<br>Malene Martini Clausen<br>Mette P\u00f8hl<br>Seppo W. Langer<br>Steen Riisgaard de Blanck<\/td><\/tr><tr><td><strong>HERLEV HOSPITAL<\/strong><br>Filippa Sundbye<br>Gitte Persson<br>Jon Lykkegaard Andersen<br>Kira Schreiner Simonsen<br>Lotte Engell-N\u00f8rregaard<br>Rikke Andersen<br>Svetlana Borissova<\/td><td><strong>SYGEHUS S\u00d8NDERJYLLAND &#8211; S\u00d8NDERBORG<\/strong><br>Subashini Thisaruban<br>Carina \u00d8rts Christensen<br>Daniela Zitnjak<br><br><br><br><\/td><\/tr><tr><td><strong>NORDSJ\u00c6LLANDS HOSPITAL &#8211; HILLER\u00d8D<\/strong><br>Kristine Chemnitz<br>Lars Bo Drivsholm<br>Stine Wahlstr\u00f8m<br><br><br><\/td><td><strong>SYGEHUS LILLEB\u00c6LT &#8211; VEJLE<\/strong><br>Charlotte Kristiansen<br>Christa Haugaard Nyhus<br>Hanne Falk Grauslund<br>Julie Kristine Stougaard<br>Torben Schj\u00f8dt Hansen<\/td><\/tr><\/tbody><\/table><\/figure>\n","protected":false},"excerpt":{"rendered":"<p>DOLG blev etableret af repr\u00e6sentanter fra de onkologiske afdelinger i 1997. Medlemmer af DOLG er l\u00e6ger, der arbejder med onkologisk behandling af lungecancer. DOLG deltager ogs\u00e5 i Dansk Lungecancer Gruppe (DLCG) som opstod i \u00e5r 2000 med deltagelse af DOLG,&#8230;<\/p>\n","protected":false},"author":1,"featured_media":0,"parent":0,"menu_order":0,"comment_status":"closed","ping_status":"closed","template":"","meta":{"passster_activate_protection":false,"passster_protect_child_pages":"","passster_protection_type":"password","passster_password":"","passster_activate_overwrite_defaults":"","passster_headline":"","passster_instruction":"","passster_placeholder":"","passster_button":"","passster_id":"","passster_activate_misc_settings":"","passster_redirect_url":"","passster_hide":"no","passster_area_shortcode":"","footnotes":""},"class_list":["post-6","page","type-page","status-publish","hentry","no-post-thumbnail"],"_links":{"self":[{"href":"https:\/\/dolg.dk\/index.php\/wp-json\/wp\/v2\/pages\/6","targetHints":{"allow":["GET"]}}],"collection":[{"href":"https:\/\/dolg.dk\/index.php\/wp-json\/wp\/v2\/pages"}],"about":[{"href":"https:\/\/dolg.dk\/index.php\/wp-json\/wp\/v2\/types\/page"}],"author":[{"embeddable":true,"href":"https:\/\/dolg.dk\/index.php\/wp-json\/wp\/v2\/users\/1"}],"replies":[{"embeddable":true,"href":"https:\/\/dolg.dk\/index.php\/wp-json\/wp\/v2\/comments?post=6"}],"version-history":[{"count":22,"href":"https:\/\/dolg.dk\/index.php\/wp-json\/wp\/v2\/pages\/6\/revisions"}],"predecessor-version":[{"id":720,"href":"https:\/\/dolg.dk\/index.php\/wp-json\/wp\/v2\/pages\/6\/revisions\/720"}],"wp:attachment":[{"href":"https:\/\/dolg.dk\/index.php\/wp-json\/wp\/v2\/media?parent=6"}],"curies":[{"name":"wp","href":"https:\/\/api.w.org\/{rel}","templated":true}]}}